{"id":86,"date":"2018-10-25T16:45:10","date_gmt":"2018-10-25T16:45:10","guid":{"rendered":"https:\/\/lacasadelastitas.com\/casilladelpastor\/?page_id=86"},"modified":"2018-10-30T11:25:42","modified_gmt":"2018-10-30T11:25:42","slug":"reserva-online","status":"publish","type":"page","link":"https:\/\/lacasadelastitas.com\/casilladelpastor\/reserva-online\/","title":{"rendered":"Reserva online"},"content":{"rendered":"<p><!-- Libreria para Widget - MisterPlan  - Powered by RuralGest  --><br \/>\n<script type=\"text\/javascript\" src=\"https:\/\/www.mrplan.es\/experiencias\/modulos\/TWidget\/lib\/TWidgetInc.php\"><\/script><\/p>\n<p><!-- Buscador para Widget - MisterPlan  - Powered by RuralGest  --><\/p>\n<div style=\"margin:0px auto;max-width:600px;\">\n<div id=\"TEwsBuscadorB-1-1-573590-\" class=\"TEwsWidgetInc capa_izq ancho_total\" BudgetV=\"2\" mini_preview_V=\"2\" url_confirmacion=\" https:\/\/lacasadelastitas.com\/casilladelpastor\/reservas\/confirmacion.html\" TEws_Hash=\"88bc068b52f8e942c596364e9692c7d2966cb0ce\" TEws_onSearch=\"\" TEws_version=\"10\" TEws_tipo_widget=\"2\" BV7_tipo_inicio=\"0\" BV7_cambio_inicio=\"0\" TEws_quitar_cabecera=\"0\" TEws_iniciar_cerrado=\"0\" TEws_bus_texto=\"0\" TEws_sel_dispo=\"0\" TEws_form_contacto=\"0\"  TEws_result_in_esl=\"0\" TEws_result_in_ext=\"0\" TEws_cerrar_buscar=\"0\" TEws_ver_resto_casas=\"0\" TEws_id_elemento=\"573590\" TEws_tipo_elemento=\"1\" TEws_activar_mas_menos=\"1\" TEws_posicion=\"original\" TEws_formato=\"2\" TEws_formato_ficha=\"10\" TEws_CoreSearch_V=\"7\"  TEws_id_categoria=\"0\" TEws_modo=\"RES\"  TEws_fecha_ini=\"\" TEws_n_noches=\"2\" TEws_n_adultos=\"2\" TEws_n_ninos=\"0\" TEws_radio=\"0\" TEsw_filtro_exp=\"\" TEws_filtro_casa=\"\" TEws_autoload=\"0\" TEws_id_destino=\"1\" TEws_id_puntoventa=\"4196\" TEws_id_idioma=\"0\" TEwsResultadoCoreSearch=\"TEwsResultCoreSearch-1-1-573590-\" alt=\"MisterPlan  - Powered by RuralGest  - http:\/\/www.misterplan.es\" title_NO=\"MisterPlan  - Powered by RuralGest \"><\/div>\n<p><!-- Resultado para el CoreSearch de Experiencias \/ Casas - MisterPlan  - Powered by RuralGest  --><\/p>\n<div id=\"TEwsResultCoreSearch-1-1-573590-\" class=\"capa_izq TEwsBuscador_Experiencias_evnt\" style=\"width: 100%; margin-top: 20px;\" alt_NO=\"MisterPlan  - Powered by RuralGest  - http:\/\/www.misterplan.es\" title_NO=\"MisterPlan  - Powered by RuralGest \"><\/div>\n<p>&nbsp;<\/p>\n<p><strong>Entradas y salidas<\/strong><\/p>\n<p>La entrada ser\u00e1 a partir de las 16h y la salida antes de las 12h.<\/p>\n<p><strong>Gastos de cancelaci\u00f3n<\/strong><\/p>\n<p>Cancelaci\u00f3n previa a los 2 d\u00edas anteriores a la entrada &#8211; Ning\u00fan coste.<br \/>\nCancelaci\u00f3n en los 2 d\u00edas antes de la entrada &#8211; Se factura la primera noche.<br \/>\nSi el cliente no se presenta &#8211; Se factura la primera noche.<br \/>\nPara tarifas no reembolsables, los gastos de cancelaci\u00f3n son del 100% del importe de la reservas.<\/p>\n<p><strong>M\u00e9todos de pago<\/strong><\/p>\n<p>Efectivo.<br \/>\nTarjeta de cr\u00e9dito.<\/p>\n<\/div>\n","protected":false},"excerpt":{"rendered":"<p>&nbsp; Entradas y salidas La entrada ser\u00e1 a partir de las 16h y la salida antes de las 12h. Gastos de cancelaci\u00f3n Cancelaci\u00f3n previa a los 2 d\u00edas anteriores a la entrada &#8211; Ning\u00fan coste. Cancelaci\u00f3n en los 2 d\u00edas antes de la entrada &#8211; Se factura la primera noche. Si el cliente no se &#8230; <a title=\"Reserva online\" class=\"read-more\" href=\"https:\/\/lacasadelastitas.com\/casilladelpastor\/reserva-online\/\" aria-label=\"Leer m\u00e1s sobre Reserva online\">Leer m\u00e1s<\/a><\/p>\n","protected":false},"author":1,"featured_media":0,"parent":0,"menu_order":0,"comment_status":"closed","ping_status":"closed","template":"","meta":{"footnotes":""},"class_list":["post-86","page","type-page","status-publish"],"yoast_head":"<!-- This site is optimized with the Yoast SEO plugin v27.3 - https:\/\/yoast.com\/product\/yoast-seo-wordpress\/ -->\n<title>Reserva online - La Casilla del Pastor<\/title>\n<meta name=\"description\" content=\"La Casilla del Pastor. Casa rural en el pago de Cabrillas, V\u00e9lez-M\u00e1laga, donde encontrar\u00e1 su alojamiento id\u00f3neo, rodeado de naturaleza y unas vistas inmejorables\" \/>\n<meta name=\"robots\" content=\"index, follow, max-snippet:-1, max-image-preview:large, max-video-preview:-1\" \/>\n<link rel=\"canonical\" href=\"https:\/\/lacasadelastitas.com\/casilladelpastor\/reserva-online\/\" \/>\n<meta property=\"og:locale\" content=\"es_ES\" \/>\n<meta property=\"og:type\" content=\"article\" \/>\n<meta property=\"og:title\" content=\"Reserva online - La Casilla del Pastor\" \/>\n<meta property=\"og:description\" content=\"La Casilla del Pastor. Casa rural en el pago de Cabrillas, V\u00e9lez-M\u00e1laga, donde encontrar\u00e1 su alojamiento id\u00f3neo, rodeado de naturaleza y unas vistas inmejorables\" \/>\n<meta property=\"og:url\" content=\"https:\/\/lacasadelastitas.com\/casilladelpastor\/reserva-online\/\" \/>\n<meta property=\"og:site_name\" content=\"La Casilla del Pastor\" \/>\n<meta property=\"article:modified_time\" content=\"2018-10-30T11:25:42+00:00\" \/>\n<meta name=\"twitter:card\" content=\"summary_large_image\" \/>\n<script type=\"application\/ld+json\" class=\"yoast-schema-graph\">{\"@context\":\"https:\\\/\\\/schema.org\",\"@graph\":[{\"@type\":\"WebPage\",\"@id\":\"https:\\\/\\\/lacasadelastitas.com\\\/casilladelpastor\\\/reserva-online\\\/\",\"url\":\"https:\\\/\\\/lacasadelastitas.com\\\/casilladelpastor\\\/reserva-online\\\/\",\"name\":\"Reserva online - La Casilla del Pastor\",\"isPartOf\":{\"@id\":\"https:\\\/\\\/lacasadelastitas.com\\\/casilladelpastor\\\/#website\"},\"datePublished\":\"2018-10-25T16:45:10+00:00\",\"dateModified\":\"2018-10-30T11:25:42+00:00\",\"description\":\"La Casilla del Pastor. Casa rural en el pago de Cabrillas, V\u00e9lez-M\u00e1laga, donde encontrar\u00e1 su alojamiento id\u00f3neo, rodeado de naturaleza y unas vistas inmejorables\",\"breadcrumb\":{\"@id\":\"https:\\\/\\\/lacasadelastitas.com\\\/casilladelpastor\\\/reserva-online\\\/#breadcrumb\"},\"inLanguage\":\"es\",\"potentialAction\":[{\"@type\":\"ReadAction\",\"target\":[\"https:\\\/\\\/lacasadelastitas.com\\\/casilladelpastor\\\/reserva-online\\\/\"]}]},{\"@type\":\"BreadcrumbList\",\"@id\":\"https:\\\/\\\/lacasadelastitas.com\\\/casilladelpastor\\\/reserva-online\\\/#breadcrumb\",\"itemListElement\":[{\"@type\":\"ListItem\",\"position\":1,\"name\":\"Portada\",\"item\":\"https:\\\/\\\/lacasadelastitas.com\\\/casilladelpastor\\\/\"},{\"@type\":\"ListItem\",\"position\":2,\"name\":\"Reserva online\"}]},{\"@type\":\"WebSite\",\"@id\":\"https:\\\/\\\/lacasadelastitas.com\\\/casilladelpastor\\\/#website\",\"url\":\"https:\\\/\\\/lacasadelastitas.com\\\/casilladelpastor\\\/\",\"name\":\"La Casilla del Pastor\",\"description\":\"La Casilla del Pastor\",\"publisher\":{\"@id\":\"https:\\\/\\\/lacasadelastitas.com\\\/casilladelpastor\\\/#organization\"},\"potentialAction\":[{\"@type\":\"SearchAction\",\"target\":{\"@type\":\"EntryPoint\",\"urlTemplate\":\"https:\\\/\\\/lacasadelastitas.com\\\/casilladelpastor\\\/?s={search_term_string}\"},\"query-input\":{\"@type\":\"PropertyValueSpecification\",\"valueRequired\":true,\"valueName\":\"search_term_string\"}}],\"inLanguage\":\"es\"},{\"@type\":\"Organization\",\"@id\":\"https:\\\/\\\/lacasadelastitas.com\\\/casilladelpastor\\\/#organization\",\"name\":\"La Casilla del Pastor\",\"url\":\"https:\\\/\\\/lacasadelastitas.com\\\/casilladelpastor\\\/\",\"logo\":{\"@type\":\"ImageObject\",\"inLanguage\":\"es\",\"@id\":\"https:\\\/\\\/lacasadelastitas.com\\\/casilladelpastor\\\/#\\\/schema\\\/logo\\\/image\\\/\",\"url\":\"https:\\\/\\\/lacasadelastitas.com\\\/casilladelpastor\\\/wp-content\\\/uploads\\\/2018\\\/10\\\/logo-casilla-del-pastor-e1540465693337.jpg\",\"contentUrl\":\"https:\\\/\\\/lacasadelastitas.com\\\/casilladelpastor\\\/wp-content\\\/uploads\\\/2018\\\/10\\\/logo-casilla-del-pastor-e1540465693337.jpg\",\"width\":130,\"height\":131,\"caption\":\"La Casilla del Pastor\"},\"image\":{\"@id\":\"https:\\\/\\\/lacasadelastitas.com\\\/casilladelpastor\\\/#\\\/schema\\\/logo\\\/image\\\/\"}}]}<\/script>\n<!-- \/ Yoast SEO plugin. -->","yoast_head_json":{"title":"Reserva online - La Casilla del Pastor","description":"La Casilla del Pastor. Casa rural en el pago de Cabrillas, V\u00e9lez-M\u00e1laga, donde encontrar\u00e1 su alojamiento id\u00f3neo, rodeado de naturaleza y unas vistas inmejorables","robots":{"index":"index","follow":"follow","max-snippet":"max-snippet:-1","max-image-preview":"max-image-preview:large","max-video-preview":"max-video-preview:-1"},"canonical":"https:\/\/lacasadelastitas.com\/casilladelpastor\/reserva-online\/","og_locale":"es_ES","og_type":"article","og_title":"Reserva online - La Casilla del Pastor","og_description":"La Casilla del Pastor. Casa rural en el pago de Cabrillas, V\u00e9lez-M\u00e1laga, donde encontrar\u00e1 su alojamiento id\u00f3neo, rodeado de naturaleza y unas vistas inmejorables","og_url":"https:\/\/lacasadelastitas.com\/casilladelpastor\/reserva-online\/","og_site_name":"La Casilla del Pastor","article_modified_time":"2018-10-30T11:25:42+00:00","twitter_card":"summary_large_image","schema":{"@context":"https:\/\/schema.org","@graph":[{"@type":"WebPage","@id":"https:\/\/lacasadelastitas.com\/casilladelpastor\/reserva-online\/","url":"https:\/\/lacasadelastitas.com\/casilladelpastor\/reserva-online\/","name":"Reserva online - La Casilla del Pastor","isPartOf":{"@id":"https:\/\/lacasadelastitas.com\/casilladelpastor\/#website"},"datePublished":"2018-10-25T16:45:10+00:00","dateModified":"2018-10-30T11:25:42+00:00","description":"La Casilla del Pastor. Casa rural en el pago de Cabrillas, V\u00e9lez-M\u00e1laga, donde encontrar\u00e1 su alojamiento id\u00f3neo, rodeado de naturaleza y unas vistas inmejorables","breadcrumb":{"@id":"https:\/\/lacasadelastitas.com\/casilladelpastor\/reserva-online\/#breadcrumb"},"inLanguage":"es","potentialAction":[{"@type":"ReadAction","target":["https:\/\/lacasadelastitas.com\/casilladelpastor\/reserva-online\/"]}]},{"@type":"BreadcrumbList","@id":"https:\/\/lacasadelastitas.com\/casilladelpastor\/reserva-online\/#breadcrumb","itemListElement":[{"@type":"ListItem","position":1,"name":"Portada","item":"https:\/\/lacasadelastitas.com\/casilladelpastor\/"},{"@type":"ListItem","position":2,"name":"Reserva online"}]},{"@type":"WebSite","@id":"https:\/\/lacasadelastitas.com\/casilladelpastor\/#website","url":"https:\/\/lacasadelastitas.com\/casilladelpastor\/","name":"La Casilla del Pastor","description":"La Casilla del Pastor","publisher":{"@id":"https:\/\/lacasadelastitas.com\/casilladelpastor\/#organization"},"potentialAction":[{"@type":"SearchAction","target":{"@type":"EntryPoint","urlTemplate":"https:\/\/lacasadelastitas.com\/casilladelpastor\/?s={search_term_string}"},"query-input":{"@type":"PropertyValueSpecification","valueRequired":true,"valueName":"search_term_string"}}],"inLanguage":"es"},{"@type":"Organization","@id":"https:\/\/lacasadelastitas.com\/casilladelpastor\/#organization","name":"La Casilla del Pastor","url":"https:\/\/lacasadelastitas.com\/casilladelpastor\/","logo":{"@type":"ImageObject","inLanguage":"es","@id":"https:\/\/lacasadelastitas.com\/casilladelpastor\/#\/schema\/logo\/image\/","url":"https:\/\/lacasadelastitas.com\/casilladelpastor\/wp-content\/uploads\/2018\/10\/logo-casilla-del-pastor-e1540465693337.jpg","contentUrl":"https:\/\/lacasadelastitas.com\/casilladelpastor\/wp-content\/uploads\/2018\/10\/logo-casilla-del-pastor-e1540465693337.jpg","width":130,"height":131,"caption":"La Casilla del Pastor"},"image":{"@id":"https:\/\/lacasadelastitas.com\/casilladelpastor\/#\/schema\/logo\/image\/"}}]}},"_links":{"self":[{"href":"https:\/\/lacasadelastitas.com\/casilladelpastor\/wp-json\/wp\/v2\/pages\/86","targetHints":{"allow":["GET"]}}],"collection":[{"href":"https:\/\/lacasadelastitas.com\/casilladelpastor\/wp-json\/wp\/v2\/pages"}],"about":[{"href":"https:\/\/lacasadelastitas.com\/casilladelpastor\/wp-json\/wp\/v2\/types\/page"}],"author":[{"embeddable":true,"href":"https:\/\/lacasadelastitas.com\/casilladelpastor\/wp-json\/wp\/v2\/users\/1"}],"replies":[{"embeddable":true,"href":"https:\/\/lacasadelastitas.com\/casilladelpastor\/wp-json\/wp\/v2\/comments?post=86"}],"version-history":[{"count":19,"href":"https:\/\/lacasadelastitas.com\/casilladelpastor\/wp-json\/wp\/v2\/pages\/86\/revisions"}],"predecessor-version":[{"id":207,"href":"https:\/\/lacasadelastitas.com\/casilladelpastor\/wp-json\/wp\/v2\/pages\/86\/revisions\/207"}],"wp:attachment":[{"href":"https:\/\/lacasadelastitas.com\/casilladelpastor\/wp-json\/wp\/v2\/media?parent=86"}],"curies":[{"name":"wp","href":"https:\/\/api.w.org\/{rel}","templated":true}]}}