{"id":82,"date":"2018-10-25T16:44:35","date_gmt":"2018-10-25T16:44:35","guid":{"rendered":"https:\/\/lacasadelastitas.com\/casilladelpastor\/?page_id=82"},"modified":"2018-10-29T19:18:20","modified_gmt":"2018-10-29T19:18:20","slug":"contacto","status":"publish","type":"page","link":"https:\/\/lacasadelastitas.com\/casilladelpastor\/contacto\/","title":{"rendered":"Contacto"},"content":{"rendered":"<p style=\"text-align: center;\">\n<div class=\"wpcf7 no-js\" id=\"wpcf7-f108-o1\" lang=\"es-ES\" dir=\"ltr\" data-wpcf7-id=\"108\">\n<div class=\"screen-reader-response\"><p role=\"status\" aria-live=\"polite\" aria-atomic=\"true\"><\/p> <ul><\/ul><\/div>\n<form action=\"\/casilladelpastor\/wp-json\/wp\/v2\/pages\/82#wpcf7-f108-o1\" method=\"post\" class=\"wpcf7-form init\" aria-label=\"Formulario de contacto\" novalidate=\"novalidate\" data-status=\"init\">\n<fieldset class=\"hidden-fields-container\"><input type=\"hidden\" name=\"_wpcf7\" value=\"108\" \/><input type=\"hidden\" name=\"_wpcf7_version\" value=\"6.1.5\" \/><input type=\"hidden\" name=\"_wpcf7_locale\" value=\"es_ES\" \/><input type=\"hidden\" name=\"_wpcf7_unit_tag\" value=\"wpcf7-f108-o1\" \/><input type=\"hidden\" name=\"_wpcf7_container_post\" value=\"0\" \/><input type=\"hidden\" name=\"_wpcf7_posted_data_hash\" value=\"\" \/>\n<\/fieldset>\n<p><label> Tu nombre (requerido)<br \/>\n<span class=\"wpcf7-form-control-wrap\" data-name=\"your-name\"><input size=\"40\" maxlength=\"400\" class=\"wpcf7-form-control wpcf7-text wpcf7-validates-as-required\" aria-required=\"true\" aria-invalid=\"false\" value=\"\" type=\"text\" name=\"your-name\" \/><\/span> <\/label>\n<\/p>\n<p><label> Tu correo electr\u00f3nico (requerido)<br \/>\n<span class=\"wpcf7-form-control-wrap\" data-name=\"your-email\"><input size=\"40\" maxlength=\"400\" class=\"wpcf7-form-control wpcf7-email wpcf7-validates-as-required wpcf7-text wpcf7-validates-as-email\" aria-required=\"true\" aria-invalid=\"false\" value=\"\" type=\"email\" name=\"your-email\" \/><\/span> <\/label>\n<\/p>\n<p><label> Asunto<br \/>\n<span class=\"wpcf7-form-control-wrap\" data-name=\"your-subject\"><input size=\"40\" maxlength=\"400\" class=\"wpcf7-form-control wpcf7-text\" aria-invalid=\"false\" value=\"\" type=\"text\" name=\"your-subject\" \/><\/span> <\/label>\n<\/p>\n<p><label> Tu mensaje<br \/>\n<span class=\"wpcf7-form-control-wrap\" data-name=\"your-message\"><textarea cols=\"40\" rows=\"10\" maxlength=\"2000\" class=\"wpcf7-form-control wpcf7-textarea\" aria-invalid=\"false\" name=\"your-message\"><\/textarea><\/span> <\/label>\n<\/p>\n<p><span class=\"wpcf7-form-control-wrap\" data-name=\"privacy-policy\"><span class=\"wpcf7-form-control wpcf7-checkbox wpcf7-validates-as-required\"><span class=\"wpcf7-list-item first last\"><label><input type=\"checkbox\" name=\"privacy-policy[]\" value=\"He le\u00eddo y acepto el\" \/><span class=\"wpcf7-list-item-label\">He le\u00eddo y acepto el<\/span><\/label><\/span><\/span><\/span><a href=\"\/casilladelpastor\/aviso-legal\/\" target=\"_blank\">Aviso legal<\/a> y la <a href=\"\/casilladelpastor\/politica-de-privacidad\/\" target=\"_blank\">Pol\u00edtica de privacidad<\/a>\n<\/p>\n<p><span class=\"wpcf7-form-control-wrap\" data-name=\"marketing-info\"><span class=\"wpcf7-form-control wpcf7-checkbox\"><span class=\"wpcf7-list-item first last\"><label><input type=\"checkbox\" name=\"marketing-info[]\" value=\"Acepto recibir informaci\u00f3n comercial, incluso por correo electr\u00f3nico.\" \/><span class=\"wpcf7-list-item-label\">Acepto recibir informaci\u00f3n comercial, incluso por correo electr\u00f3nico.<\/span><\/label><\/span><\/span><\/span>\n<\/p>\n<p><input class=\"wpcf7-form-control wpcf7-submit has-spinner\" type=\"submit\" value=\"Enviar\" \/>\n<\/p><div class=\"wpcf7-response-output\" aria-hidden=\"true\"><\/div>\n<\/form>\n<\/div>\n<\/p>\n<hr \/>\n<h4 style=\"text-align: center;\"><span style=\"color: #000000;\"><span style=\"text-align: left; text-transform: none; text-indent: 0px; letter-spacing: normal; font-family: 'Open Sans',Arial,Helvetica,Tahoma; font-size: 13px; font-style: normal; font-variant: normal; text-decoration: none; word-spacing: 0px; display: inline !important; white-space: normal; orphans: 2; float: none; -webkit-text-stroke-width: 0px; background-color: transparent;\">La Casilla del Pastor &#8211;\u00a0<\/span><\/span><strong><span style=\"color: #000000;\"><span style=\"text-align: left; text-transform: none; text-indent: 0px; letter-spacing: normal; font-family: 'Open Sans',Arial,Helvetica,Tahoma; font-size: 13px; font-style: normal; font-variant: normal; text-decoration: none; word-spacing: 0px; display: inline !important; white-space: normal; orphans: 2; float: none; -webkit-text-stroke-width: 0px; background-color: transparent;\"> Tel\u00e9fono: <\/span><\/span><\/strong><span style=\"color: #000000;\"><span style=\"text-align: left; text-transform: none; text-indent: 0px; letter-spacing: normal; font-family: 'Open Sans',Arial,Helvetica,Tahoma; font-size: 13px; font-style: normal; font-variant: normal; text-decoration: none; word-spacing: 0px; display: inline !important; white-space: normal; orphans: 2; float: none; -webkit-text-stroke-width: 0px; background-color: transparent;\">952 50 20 61<\/span><\/span><strong><span style=\"color: #000000;\"><span style=\"text-align: left; text-transform: none; text-indent: 0px; letter-spacing: normal; font-family: 'Open Sans',Arial,Helvetica,Tahoma; font-size: 13px; font-style: normal; font-variant: normal; text-decoration: none; word-spacing: 0px; display: inline !important; white-space: normal; orphans: 2; float: none; -webkit-text-stroke-width: 0px; background-color: transparent;\"> &#8211; M\u00f3vil: <\/span><\/span><\/strong><span style=\"color: #000000;\"><span style=\"text-align: left; text-transform: none; text-indent: 0px; letter-spacing: normal; font-family: 'Open Sans',Arial,Helvetica,Tahoma; font-size: 13px; font-style: normal; font-variant: normal; text-decoration: none; word-spacing: 0px; display: inline !important; white-space: normal; orphans: 2; float: none; -webkit-text-stroke-width: 0px; background-color: transparent;\">610 73 29 98<\/span><\/span><strong><span style=\"color: #000000;\"><span style=\"text-align: left; text-transform: none; text-indent: 0px; letter-spacing: normal; font-family: 'Open Sans',Arial,Helvetica,Tahoma; font-size: 13px; font-style: normal; font-variant: normal; text-decoration: none; word-spacing: 0px; display: inline !important; white-space: normal; orphans: 2; float: none; -webkit-text-stroke-width: 0px; background-color: transparent;\"> &#8211; Fax: <\/span><\/span><\/strong><span style=\"color: #000000;\"><span style=\"text-align: left; text-transform: none; text-indent: 0px; letter-spacing: normal; font-family: 'Open Sans',Arial,Helvetica,Tahoma; font-size: 13px; font-style: normal; font-variant: normal; text-decoration: none; word-spacing: 0px; display: inline !important; white-space: normal; orphans: 2; float: none; -webkit-text-stroke-width: 0px; background-color: transparent;\">952 50 78 57<\/span><\/span><\/h4>\n<hr \/>\n<p style=\"text-align: center;\"><iframe loading=\"lazy\" style=\"border: 0;\" src=\"https:\/\/www.google.com\/maps\/embed?pb=!1m14!1m8!1m3!1d6391.9117490217905!2d-4.143884!3d36.771626!3m2!1i1024!2i768!4f13.1!3m3!1m2!1s0x0%3A0x3341435a2db8abb9!2sLa+Casilla+del+Pastor!5e0!3m2!1ses!2ses!4v1540488262517\" width=\"1300\" height=\"450\" frameborder=\"0\" allowfullscreen=\"allowfullscreen\"><\/iframe><\/p>\n","protected":false},"excerpt":{"rendered":"<p>La Casilla del Pastor &#8211;\u00a0 Tel\u00e9fono: 952 50 20 61 &#8211; M\u00f3vil: 610 73 29 98 &#8211; Fax: 952 50 78 57<\/p>\n","protected":false},"author":1,"featured_media":0,"parent":0,"menu_order":0,"comment_status":"closed","ping_status":"closed","template":"","meta":{"footnotes":""},"class_list":["post-82","page","type-page","status-publish"],"yoast_head":"<!-- This site is optimized with the Yoast SEO plugin v27.3 - https:\/\/yoast.com\/product\/yoast-seo-wordpress\/ -->\n<title>Contacto - La Casilla del Pastor<\/title>\n<meta name=\"description\" content=\"La Casilla del Pastor. Casa rural en el pago de Cabrillas, V\u00e9lez-M\u00e1laga, donde encontrar\u00e1 su alojamiento id\u00f3neo, rodeado de naturaleza y unas vistas inmejorables\" \/>\n<meta name=\"robots\" content=\"index, follow, max-snippet:-1, max-image-preview:large, max-video-preview:-1\" \/>\n<link rel=\"canonical\" href=\"https:\/\/lacasadelastitas.com\/casilladelpastor\/contacto\/\" \/>\n<meta property=\"og:locale\" content=\"es_ES\" \/>\n<meta property=\"og:type\" content=\"article\" \/>\n<meta property=\"og:title\" content=\"Contacto - La Casilla del Pastor\" \/>\n<meta property=\"og:description\" content=\"La Casilla del Pastor. Casa rural en el pago de Cabrillas, V\u00e9lez-M\u00e1laga, donde encontrar\u00e1 su alojamiento id\u00f3neo, rodeado de naturaleza y unas vistas inmejorables\" \/>\n<meta property=\"og:url\" content=\"https:\/\/lacasadelastitas.com\/casilladelpastor\/contacto\/\" \/>\n<meta property=\"og:site_name\" content=\"La Casilla del Pastor\" \/>\n<meta property=\"article:modified_time\" content=\"2018-10-29T19:18:20+00:00\" \/>\n<meta name=\"twitter:card\" content=\"summary_large_image\" \/>\n<script type=\"application\/ld+json\" class=\"yoast-schema-graph\">{\"@context\":\"https:\\\/\\\/schema.org\",\"@graph\":[{\"@type\":\"WebPage\",\"@id\":\"https:\\\/\\\/lacasadelastitas.com\\\/casilladelpastor\\\/contacto\\\/\",\"url\":\"https:\\\/\\\/lacasadelastitas.com\\\/casilladelpastor\\\/contacto\\\/\",\"name\":\"Contacto - La Casilla del Pastor\",\"isPartOf\":{\"@id\":\"https:\\\/\\\/lacasadelastitas.com\\\/casilladelpastor\\\/#website\"},\"datePublished\":\"2018-10-25T16:44:35+00:00\",\"dateModified\":\"2018-10-29T19:18:20+00:00\",\"description\":\"La Casilla del Pastor. Casa rural en el pago de Cabrillas, V\u00e9lez-M\u00e1laga, donde encontrar\u00e1 su alojamiento id\u00f3neo, rodeado de naturaleza y unas vistas inmejorables\",\"breadcrumb\":{\"@id\":\"https:\\\/\\\/lacasadelastitas.com\\\/casilladelpastor\\\/contacto\\\/#breadcrumb\"},\"inLanguage\":\"es\",\"potentialAction\":[{\"@type\":\"ReadAction\",\"target\":[\"https:\\\/\\\/lacasadelastitas.com\\\/casilladelpastor\\\/contacto\\\/\"]}]},{\"@type\":\"BreadcrumbList\",\"@id\":\"https:\\\/\\\/lacasadelastitas.com\\\/casilladelpastor\\\/contacto\\\/#breadcrumb\",\"itemListElement\":[{\"@type\":\"ListItem\",\"position\":1,\"name\":\"Portada\",\"item\":\"https:\\\/\\\/lacasadelastitas.com\\\/casilladelpastor\\\/\"},{\"@type\":\"ListItem\",\"position\":2,\"name\":\"Contacto\"}]},{\"@type\":\"WebSite\",\"@id\":\"https:\\\/\\\/lacasadelastitas.com\\\/casilladelpastor\\\/#website\",\"url\":\"https:\\\/\\\/lacasadelastitas.com\\\/casilladelpastor\\\/\",\"name\":\"La Casilla del Pastor\",\"description\":\"La Casilla del Pastor\",\"publisher\":{\"@id\":\"https:\\\/\\\/lacasadelastitas.com\\\/casilladelpastor\\\/#organization\"},\"potentialAction\":[{\"@type\":\"SearchAction\",\"target\":{\"@type\":\"EntryPoint\",\"urlTemplate\":\"https:\\\/\\\/lacasadelastitas.com\\\/casilladelpastor\\\/?s={search_term_string}\"},\"query-input\":{\"@type\":\"PropertyValueSpecification\",\"valueRequired\":true,\"valueName\":\"search_term_string\"}}],\"inLanguage\":\"es\"},{\"@type\":\"Organization\",\"@id\":\"https:\\\/\\\/lacasadelastitas.com\\\/casilladelpastor\\\/#organization\",\"name\":\"La Casilla del Pastor\",\"url\":\"https:\\\/\\\/lacasadelastitas.com\\\/casilladelpastor\\\/\",\"logo\":{\"@type\":\"ImageObject\",\"inLanguage\":\"es\",\"@id\":\"https:\\\/\\\/lacasadelastitas.com\\\/casilladelpastor\\\/#\\\/schema\\\/logo\\\/image\\\/\",\"url\":\"https:\\\/\\\/lacasadelastitas.com\\\/casilladelpastor\\\/wp-content\\\/uploads\\\/2018\\\/10\\\/logo-casilla-del-pastor-e1540465693337.jpg\",\"contentUrl\":\"https:\\\/\\\/lacasadelastitas.com\\\/casilladelpastor\\\/wp-content\\\/uploads\\\/2018\\\/10\\\/logo-casilla-del-pastor-e1540465693337.jpg\",\"width\":130,\"height\":131,\"caption\":\"La Casilla del Pastor\"},\"image\":{\"@id\":\"https:\\\/\\\/lacasadelastitas.com\\\/casilladelpastor\\\/#\\\/schema\\\/logo\\\/image\\\/\"}}]}<\/script>\n<!-- \/ Yoast SEO plugin. -->","yoast_head_json":{"title":"Contacto - La Casilla del Pastor","description":"La Casilla del Pastor. Casa rural en el pago de Cabrillas, V\u00e9lez-M\u00e1laga, donde encontrar\u00e1 su alojamiento id\u00f3neo, rodeado de naturaleza y unas vistas inmejorables","robots":{"index":"index","follow":"follow","max-snippet":"max-snippet:-1","max-image-preview":"max-image-preview:large","max-video-preview":"max-video-preview:-1"},"canonical":"https:\/\/lacasadelastitas.com\/casilladelpastor\/contacto\/","og_locale":"es_ES","og_type":"article","og_title":"Contacto - La Casilla del Pastor","og_description":"La Casilla del Pastor. Casa rural en el pago de Cabrillas, V\u00e9lez-M\u00e1laga, donde encontrar\u00e1 su alojamiento id\u00f3neo, rodeado de naturaleza y unas vistas inmejorables","og_url":"https:\/\/lacasadelastitas.com\/casilladelpastor\/contacto\/","og_site_name":"La Casilla del Pastor","article_modified_time":"2018-10-29T19:18:20+00:00","twitter_card":"summary_large_image","schema":{"@context":"https:\/\/schema.org","@graph":[{"@type":"WebPage","@id":"https:\/\/lacasadelastitas.com\/casilladelpastor\/contacto\/","url":"https:\/\/lacasadelastitas.com\/casilladelpastor\/contacto\/","name":"Contacto - La Casilla del Pastor","isPartOf":{"@id":"https:\/\/lacasadelastitas.com\/casilladelpastor\/#website"},"datePublished":"2018-10-25T16:44:35+00:00","dateModified":"2018-10-29T19:18:20+00:00","description":"La Casilla del Pastor. Casa rural en el pago de Cabrillas, V\u00e9lez-M\u00e1laga, donde encontrar\u00e1 su alojamiento id\u00f3neo, rodeado de naturaleza y unas vistas inmejorables","breadcrumb":{"@id":"https:\/\/lacasadelastitas.com\/casilladelpastor\/contacto\/#breadcrumb"},"inLanguage":"es","potentialAction":[{"@type":"ReadAction","target":["https:\/\/lacasadelastitas.com\/casilladelpastor\/contacto\/"]}]},{"@type":"BreadcrumbList","@id":"https:\/\/lacasadelastitas.com\/casilladelpastor\/contacto\/#breadcrumb","itemListElement":[{"@type":"ListItem","position":1,"name":"Portada","item":"https:\/\/lacasadelastitas.com\/casilladelpastor\/"},{"@type":"ListItem","position":2,"name":"Contacto"}]},{"@type":"WebSite","@id":"https:\/\/lacasadelastitas.com\/casilladelpastor\/#website","url":"https:\/\/lacasadelastitas.com\/casilladelpastor\/","name":"La Casilla del Pastor","description":"La Casilla del Pastor","publisher":{"@id":"https:\/\/lacasadelastitas.com\/casilladelpastor\/#organization"},"potentialAction":[{"@type":"SearchAction","target":{"@type":"EntryPoint","urlTemplate":"https:\/\/lacasadelastitas.com\/casilladelpastor\/?s={search_term_string}"},"query-input":{"@type":"PropertyValueSpecification","valueRequired":true,"valueName":"search_term_string"}}],"inLanguage":"es"},{"@type":"Organization","@id":"https:\/\/lacasadelastitas.com\/casilladelpastor\/#organization","name":"La Casilla del Pastor","url":"https:\/\/lacasadelastitas.com\/casilladelpastor\/","logo":{"@type":"ImageObject","inLanguage":"es","@id":"https:\/\/lacasadelastitas.com\/casilladelpastor\/#\/schema\/logo\/image\/","url":"https:\/\/lacasadelastitas.com\/casilladelpastor\/wp-content\/uploads\/2018\/10\/logo-casilla-del-pastor-e1540465693337.jpg","contentUrl":"https:\/\/lacasadelastitas.com\/casilladelpastor\/wp-content\/uploads\/2018\/10\/logo-casilla-del-pastor-e1540465693337.jpg","width":130,"height":131,"caption":"La Casilla del Pastor"},"image":{"@id":"https:\/\/lacasadelastitas.com\/casilladelpastor\/#\/schema\/logo\/image\/"}}]}},"_links":{"self":[{"href":"https:\/\/lacasadelastitas.com\/casilladelpastor\/wp-json\/wp\/v2\/pages\/82","targetHints":{"allow":["GET"]}}],"collection":[{"href":"https:\/\/lacasadelastitas.com\/casilladelpastor\/wp-json\/wp\/v2\/pages"}],"about":[{"href":"https:\/\/lacasadelastitas.com\/casilladelpastor\/wp-json\/wp\/v2\/types\/page"}],"author":[{"embeddable":true,"href":"https:\/\/lacasadelastitas.com\/casilladelpastor\/wp-json\/wp\/v2\/users\/1"}],"replies":[{"embeddable":true,"href":"https:\/\/lacasadelastitas.com\/casilladelpastor\/wp-json\/wp\/v2\/comments?post=82"}],"version-history":[{"count":10,"href":"https:\/\/lacasadelastitas.com\/casilladelpastor\/wp-json\/wp\/v2\/pages\/82\/revisions"}],"predecessor-version":[{"id":206,"href":"https:\/\/lacasadelastitas.com\/casilladelpastor\/wp-json\/wp\/v2\/pages\/82\/revisions\/206"}],"wp:attachment":[{"href":"https:\/\/lacasadelastitas.com\/casilladelpastor\/wp-json\/wp\/v2\/media?parent=82"}],"curies":[{"name":"wp","href":"https:\/\/api.w.org\/{rel}","templated":true}]}}