{"id":59,"date":"2018-10-25T16:29:39","date_gmt":"2018-10-25T16:29:39","guid":{"rendered":"https:\/\/lacasadelastitas.com\/casilladelpastor\/?page_id=59"},"modified":"2024-02-23T16:37:55","modified_gmt":"2024-02-23T16:37:55","slug":"presentacion","status":"publish","type":"page","link":"https:\/\/lacasadelastitas.com\/casilladelpastor\/presentacion\/","title":{"rendered":"Presentaci\u00f3n"},"content":{"rendered":"<p><span style=\"display: inline !important; float: none; background-color: transparent; color: #333333; font-family: 'Helvetica Neue',Helvetica,Arial,sans-serif; font-size: 14px; font-style: normal; font-variant: normal; font-weight: 400; letter-spacing: normal; orphans: 2; text-align: justify; text-decoration: none; text-indent: 0px; text-transform: none; -webkit-text-stroke-width: 0px; white-space: normal; word-spacing: 0px;\"><img loading=\"lazy\" decoding=\"async\" class=\"alignnone size-medium wp-image-66 alignright\" src=\"https:\/\/lacasadelastitas.com\/casilladelpastor\/wp-content\/uploads\/2018\/10\/presentacion_1-300x201.jpg\" alt=\"\" width=\"300\" height=\"201\" srcset=\"https:\/\/lacasadelastitas.com\/casilladelpastor\/wp-content\/uploads\/2018\/10\/presentacion_1-300x201.jpg 300w, https:\/\/lacasadelastitas.com\/casilladelpastor\/wp-content\/uploads\/2018\/10\/presentacion_1.jpg 350w\" sizes=\"auto, (max-width: 300px) 100vw, 300px\" \/><\/span><\/p>\n<p><span style=\"margin: 0px; color: #333333; font-family: 'Calibri',sans-serif;\">La Casilla del Pastor es una casa rural situada en el pago de Cabrillas Altas, en el municipio de V\u00e9lez-M\u00e1laga, sobre una colina desde la que se disfrutan unas vistas panor\u00e1micas majestuosas de toda la comarca de la Axarqu\u00eda en la Costa del Sol.<\/span><\/p>\n<p><span style=\"font-family: 'Calibri',sans-serif;\">En un entorno privilegiado desde donde se observa, en todo su esplendor, el Pico de la Maroma y el resto de las sierras de Tejeda y Almijara que forman el Parque Natural del mismo nombre. Al sur se extiende la vega del r\u00edo V\u00e9lez y el Mar Mediterr\u00e1neo.<\/span><\/p>\n<p style=\"outline-color: transparent; outline-style: none; outline-width: 0px; -webkit-text-stroke-width: 0px; cursor: text; word-spacing: 0px;\"><span style=\"font-family: 'Calibri',sans-serif;\">La casa dispone de un sal\u00f3n con chimenea y cocina totalmente equipada, tres dormitorios dobles y un sof\u00e1 cama individual en el sal\u00f3n, cuarto de ba\u00f1o y despensa. Una amplia portada y una <\/span><span style=\"font-family: 'Calibri',sans-serif;\">piscina de agua salada, un amplio sol\u00e1rium y barbacoa.<\/span><\/p>\n","protected":false},"excerpt":{"rendered":"<p>La Casilla del Pastor es una casa rural situada en el pago de Cabrillas Altas, en el municipio de V\u00e9lez-M\u00e1laga, sobre una colina desde la que se disfrutan unas vistas panor\u00e1micas majestuosas de toda la comarca de la Axarqu\u00eda en la Costa del Sol. En un entorno privilegiado desde donde se observa, en todo su &#8230; <a title=\"Presentaci\u00f3n\" class=\"read-more\" href=\"https:\/\/lacasadelastitas.com\/casilladelpastor\/presentacion\/\" aria-label=\"Leer m\u00e1s sobre Presentaci\u00f3n\">Leer m\u00e1s<\/a><\/p>\n","protected":false},"author":1,"featured_media":0,"parent":0,"menu_order":0,"comment_status":"closed","ping_status":"closed","template":"","meta":{"footnotes":""},"class_list":["post-59","page","type-page","status-publish"],"yoast_head":"<!-- This site is optimized with the Yoast SEO plugin v27.5 - https:\/\/yoast.com\/product\/yoast-seo-wordpress\/ -->\n<title>Presentaci\u00f3n - La Casilla del Pastor<\/title>\n<meta name=\"description\" content=\"La Casilla del Pastor. Casa rural en el pago de Cabrillas, V\u00e9lez-M\u00e1laga, donde encontrar\u00e1 su alojamiento id\u00f3neo, rodeado de naturaleza y unas vistas inmejorables\" \/>\n<meta name=\"robots\" content=\"index, follow, max-snippet:-1, max-image-preview:large, max-video-preview:-1\" \/>\n<link rel=\"canonical\" href=\"https:\/\/lacasadelastitas.com\/casilladelpastor\/presentacion\/\" \/>\n<meta property=\"og:locale\" content=\"es_ES\" \/>\n<meta property=\"og:type\" content=\"article\" \/>\n<meta property=\"og:title\" content=\"Presentaci\u00f3n - La Casilla del Pastor\" \/>\n<meta property=\"og:description\" content=\"La Casilla del Pastor. Casa rural en el pago de Cabrillas, V\u00e9lez-M\u00e1laga, donde encontrar\u00e1 su alojamiento id\u00f3neo, rodeado de naturaleza y unas vistas inmejorables\" \/>\n<meta property=\"og:url\" content=\"https:\/\/lacasadelastitas.com\/casilladelpastor\/presentacion\/\" \/>\n<meta property=\"og:site_name\" content=\"La Casilla del Pastor\" \/>\n<meta property=\"article:modified_time\" content=\"2024-02-23T16:37:55+00:00\" \/>\n<meta property=\"og:image\" content=\"https:\/\/lacasadelastitas.com\/casilladelpastor\/wp-content\/uploads\/2018\/10\/presentacion_1-300x201.jpg\" \/>\n<meta name=\"twitter:card\" content=\"summary_large_image\" \/>\n<meta name=\"twitter:label1\" content=\"Tiempo de lectura\" \/>\n\t<meta name=\"twitter:data1\" content=\"1 minuto\" \/>\n<script type=\"application\/ld+json\" class=\"yoast-schema-graph\">{\"@context\":\"https:\\\/\\\/schema.org\",\"@graph\":[{\"@type\":\"WebPage\",\"@id\":\"https:\\\/\\\/lacasadelastitas.com\\\/casilladelpastor\\\/presentacion\\\/\",\"url\":\"https:\\\/\\\/lacasadelastitas.com\\\/casilladelpastor\\\/presentacion\\\/\",\"name\":\"Presentaci\u00f3n - La Casilla del Pastor\",\"isPartOf\":{\"@id\":\"https:\\\/\\\/lacasadelastitas.com\\\/casilladelpastor\\\/#website\"},\"primaryImageOfPage\":{\"@id\":\"https:\\\/\\\/lacasadelastitas.com\\\/casilladelpastor\\\/presentacion\\\/#primaryimage\"},\"image\":{\"@id\":\"https:\\\/\\\/lacasadelastitas.com\\\/casilladelpastor\\\/presentacion\\\/#primaryimage\"},\"thumbnailUrl\":\"https:\\\/\\\/lacasadelastitas.com\\\/casilladelpastor\\\/wp-content\\\/uploads\\\/2018\\\/10\\\/presentacion_1-300x201.jpg\",\"datePublished\":\"2018-10-25T16:29:39+00:00\",\"dateModified\":\"2024-02-23T16:37:55+00:00\",\"description\":\"La Casilla del Pastor. Casa rural en el pago de Cabrillas, V\u00e9lez-M\u00e1laga, donde encontrar\u00e1 su alojamiento id\u00f3neo, rodeado de naturaleza y unas vistas inmejorables\",\"breadcrumb\":{\"@id\":\"https:\\\/\\\/lacasadelastitas.com\\\/casilladelpastor\\\/presentacion\\\/#breadcrumb\"},\"inLanguage\":\"es\",\"potentialAction\":[{\"@type\":\"ReadAction\",\"target\":[\"https:\\\/\\\/lacasadelastitas.com\\\/casilladelpastor\\\/presentacion\\\/\"]}]},{\"@type\":\"ImageObject\",\"inLanguage\":\"es\",\"@id\":\"https:\\\/\\\/lacasadelastitas.com\\\/casilladelpastor\\\/presentacion\\\/#primaryimage\",\"url\":\"https:\\\/\\\/lacasadelastitas.com\\\/casilladelpastor\\\/wp-content\\\/uploads\\\/2018\\\/10\\\/presentacion_1.jpg\",\"contentUrl\":\"https:\\\/\\\/lacasadelastitas.com\\\/casilladelpastor\\\/wp-content\\\/uploads\\\/2018\\\/10\\\/presentacion_1.jpg\",\"width\":350,\"height\":234},{\"@type\":\"BreadcrumbList\",\"@id\":\"https:\\\/\\\/lacasadelastitas.com\\\/casilladelpastor\\\/presentacion\\\/#breadcrumb\",\"itemListElement\":[{\"@type\":\"ListItem\",\"position\":1,\"name\":\"Portada\",\"item\":\"https:\\\/\\\/lacasadelastitas.com\\\/casilladelpastor\\\/\"},{\"@type\":\"ListItem\",\"position\":2,\"name\":\"Presentaci\u00f3n\"}]},{\"@type\":\"WebSite\",\"@id\":\"https:\\\/\\\/lacasadelastitas.com\\\/casilladelpastor\\\/#website\",\"url\":\"https:\\\/\\\/lacasadelastitas.com\\\/casilladelpastor\\\/\",\"name\":\"La Casilla del Pastor\",\"description\":\"La Casilla del Pastor\",\"publisher\":{\"@id\":\"https:\\\/\\\/lacasadelastitas.com\\\/casilladelpastor\\\/#organization\"},\"potentialAction\":[{\"@type\":\"SearchAction\",\"target\":{\"@type\":\"EntryPoint\",\"urlTemplate\":\"https:\\\/\\\/lacasadelastitas.com\\\/casilladelpastor\\\/?s={search_term_string}\"},\"query-input\":{\"@type\":\"PropertyValueSpecification\",\"valueRequired\":true,\"valueName\":\"search_term_string\"}}],\"inLanguage\":\"es\"},{\"@type\":\"Organization\",\"@id\":\"https:\\\/\\\/lacasadelastitas.com\\\/casilladelpastor\\\/#organization\",\"name\":\"La Casilla del Pastor\",\"url\":\"https:\\\/\\\/lacasadelastitas.com\\\/casilladelpastor\\\/\",\"logo\":{\"@type\":\"ImageObject\",\"inLanguage\":\"es\",\"@id\":\"https:\\\/\\\/lacasadelastitas.com\\\/casilladelpastor\\\/#\\\/schema\\\/logo\\\/image\\\/\",\"url\":\"https:\\\/\\\/lacasadelastitas.com\\\/casilladelpastor\\\/wp-content\\\/uploads\\\/2018\\\/10\\\/logo-casilla-del-pastor-e1540465693337.jpg\",\"contentUrl\":\"https:\\\/\\\/lacasadelastitas.com\\\/casilladelpastor\\\/wp-content\\\/uploads\\\/2018\\\/10\\\/logo-casilla-del-pastor-e1540465693337.jpg\",\"width\":130,\"height\":131,\"caption\":\"La Casilla del Pastor\"},\"image\":{\"@id\":\"https:\\\/\\\/lacasadelastitas.com\\\/casilladelpastor\\\/#\\\/schema\\\/logo\\\/image\\\/\"}}]}<\/script>\n<!-- \/ Yoast SEO plugin. -->","yoast_head_json":{"title":"Presentaci\u00f3n - La Casilla del Pastor","description":"La Casilla del Pastor. Casa rural en el pago de Cabrillas, V\u00e9lez-M\u00e1laga, donde encontrar\u00e1 su alojamiento id\u00f3neo, rodeado de naturaleza y unas vistas inmejorables","robots":{"index":"index","follow":"follow","max-snippet":"max-snippet:-1","max-image-preview":"max-image-preview:large","max-video-preview":"max-video-preview:-1"},"canonical":"https:\/\/lacasadelastitas.com\/casilladelpastor\/presentacion\/","og_locale":"es_ES","og_type":"article","og_title":"Presentaci\u00f3n - La Casilla del Pastor","og_description":"La Casilla del Pastor. Casa rural en el pago de Cabrillas, V\u00e9lez-M\u00e1laga, donde encontrar\u00e1 su alojamiento id\u00f3neo, rodeado de naturaleza y unas vistas inmejorables","og_url":"https:\/\/lacasadelastitas.com\/casilladelpastor\/presentacion\/","og_site_name":"La Casilla del Pastor","article_modified_time":"2024-02-23T16:37:55+00:00","og_image":[{"url":"https:\/\/lacasadelastitas.com\/casilladelpastor\/wp-content\/uploads\/2018\/10\/presentacion_1-300x201.jpg","type":"","width":"","height":""}],"twitter_card":"summary_large_image","twitter_misc":{"Tiempo de lectura":"1 minuto"},"schema":{"@context":"https:\/\/schema.org","@graph":[{"@type":"WebPage","@id":"https:\/\/lacasadelastitas.com\/casilladelpastor\/presentacion\/","url":"https:\/\/lacasadelastitas.com\/casilladelpastor\/presentacion\/","name":"Presentaci\u00f3n - La Casilla del Pastor","isPartOf":{"@id":"https:\/\/lacasadelastitas.com\/casilladelpastor\/#website"},"primaryImageOfPage":{"@id":"https:\/\/lacasadelastitas.com\/casilladelpastor\/presentacion\/#primaryimage"},"image":{"@id":"https:\/\/lacasadelastitas.com\/casilladelpastor\/presentacion\/#primaryimage"},"thumbnailUrl":"https:\/\/lacasadelastitas.com\/casilladelpastor\/wp-content\/uploads\/2018\/10\/presentacion_1-300x201.jpg","datePublished":"2018-10-25T16:29:39+00:00","dateModified":"2024-02-23T16:37:55+00:00","description":"La Casilla del Pastor. Casa rural en el pago de Cabrillas, V\u00e9lez-M\u00e1laga, donde encontrar\u00e1 su alojamiento id\u00f3neo, rodeado de naturaleza y unas vistas inmejorables","breadcrumb":{"@id":"https:\/\/lacasadelastitas.com\/casilladelpastor\/presentacion\/#breadcrumb"},"inLanguage":"es","potentialAction":[{"@type":"ReadAction","target":["https:\/\/lacasadelastitas.com\/casilladelpastor\/presentacion\/"]}]},{"@type":"ImageObject","inLanguage":"es","@id":"https:\/\/lacasadelastitas.com\/casilladelpastor\/presentacion\/#primaryimage","url":"https:\/\/lacasadelastitas.com\/casilladelpastor\/wp-content\/uploads\/2018\/10\/presentacion_1.jpg","contentUrl":"https:\/\/lacasadelastitas.com\/casilladelpastor\/wp-content\/uploads\/2018\/10\/presentacion_1.jpg","width":350,"height":234},{"@type":"BreadcrumbList","@id":"https:\/\/lacasadelastitas.com\/casilladelpastor\/presentacion\/#breadcrumb","itemListElement":[{"@type":"ListItem","position":1,"name":"Portada","item":"https:\/\/lacasadelastitas.com\/casilladelpastor\/"},{"@type":"ListItem","position":2,"name":"Presentaci\u00f3n"}]},{"@type":"WebSite","@id":"https:\/\/lacasadelastitas.com\/casilladelpastor\/#website","url":"https:\/\/lacasadelastitas.com\/casilladelpastor\/","name":"La Casilla del Pastor","description":"La Casilla del Pastor","publisher":{"@id":"https:\/\/lacasadelastitas.com\/casilladelpastor\/#organization"},"potentialAction":[{"@type":"SearchAction","target":{"@type":"EntryPoint","urlTemplate":"https:\/\/lacasadelastitas.com\/casilladelpastor\/?s={search_term_string}"},"query-input":{"@type":"PropertyValueSpecification","valueRequired":true,"valueName":"search_term_string"}}],"inLanguage":"es"},{"@type":"Organization","@id":"https:\/\/lacasadelastitas.com\/casilladelpastor\/#organization","name":"La Casilla del Pastor","url":"https:\/\/lacasadelastitas.com\/casilladelpastor\/","logo":{"@type":"ImageObject","inLanguage":"es","@id":"https:\/\/lacasadelastitas.com\/casilladelpastor\/#\/schema\/logo\/image\/","url":"https:\/\/lacasadelastitas.com\/casilladelpastor\/wp-content\/uploads\/2018\/10\/logo-casilla-del-pastor-e1540465693337.jpg","contentUrl":"https:\/\/lacasadelastitas.com\/casilladelpastor\/wp-content\/uploads\/2018\/10\/logo-casilla-del-pastor-e1540465693337.jpg","width":130,"height":131,"caption":"La Casilla del Pastor"},"image":{"@id":"https:\/\/lacasadelastitas.com\/casilladelpastor\/#\/schema\/logo\/image\/"}}]}},"_links":{"self":[{"href":"https:\/\/lacasadelastitas.com\/casilladelpastor\/wp-json\/wp\/v2\/pages\/59","targetHints":{"allow":["GET"]}}],"collection":[{"href":"https:\/\/lacasadelastitas.com\/casilladelpastor\/wp-json\/wp\/v2\/pages"}],"about":[{"href":"https:\/\/lacasadelastitas.com\/casilladelpastor\/wp-json\/wp\/v2\/types\/page"}],"author":[{"embeddable":true,"href":"https:\/\/lacasadelastitas.com\/casilladelpastor\/wp-json\/wp\/v2\/users\/1"}],"replies":[{"embeddable":true,"href":"https:\/\/lacasadelastitas.com\/casilladelpastor\/wp-json\/wp\/v2\/comments?post=59"}],"version-history":[{"count":8,"href":"https:\/\/lacasadelastitas.com\/casilladelpastor\/wp-json\/wp\/v2\/pages\/59\/revisions"}],"predecessor-version":[{"id":212,"href":"https:\/\/lacasadelastitas.com\/casilladelpastor\/wp-json\/wp\/v2\/pages\/59\/revisions\/212"}],"wp:attachment":[{"href":"https:\/\/lacasadelastitas.com\/casilladelpastor\/wp-json\/wp\/v2\/media?parent=59"}],"curies":[{"name":"wp","href":"https:\/\/api.w.org\/{rel}","templated":true}]}}