{"id":31,"date":"2018-10-25T11:23:10","date_gmt":"2018-10-25T11:23:10","guid":{"rendered":"https:\/\/lacasadelastitas.com\/casilladelpastor\/?page_id=31"},"modified":"2026-01-27T12:41:25","modified_gmt":"2026-01-27T12:41:25","slug":"politica-de-cookies","status":"publish","type":"page","link":"https:\/\/lacasadelastitas.com\/casilladelpastor\/politica-de-cookies\/","title":{"rendered":"Pol\u00edtica de cookies"},"content":{"rendered":"<p data-path-to-node=\"4\"><b data-path-to-node=\"4\" data-index-in-node=\"0\">1. \u00bfQU\u00c9 SON LAS COOKIES?<\/b> <span class=\"citation-22 citation-end-22\">Las cookies son peque\u00f1os archivos de texto que se almacenan en su dispositivo al visitar nuestra web.<\/span> <span class=\"citation-21 citation-end-21\">Sirven para que la web funcione correctamente, recordar sus preferencias y mejorar su experiencia de usuario.<\/span><\/p>\n<p data-path-to-node=\"5\"><b data-path-to-node=\"5\" data-index-in-node=\"0\">2. TIPOS DE COOKIES QUE UTILIZAMOS<\/b><\/p>\n<ul data-path-to-node=\"6\">\n<li>\n<p data-path-to-node=\"6,0,0\"><b data-path-to-node=\"6,0,0\" data-index-in-node=\"0\"><span class=\"citation-20\">T\u00e9cnicas y funcionales:<\/span><\/b><span class=\"citation-20 citation-end-20\"> Imprescindibles para la navegaci\u00f3n y el funcionamiento de la web (gesti\u00f3n de sesiones, idiomas, etc.).<\/span><\/p>\n<\/li>\n<li>\n<p data-path-to-node=\"6,1,0\"><b data-path-to-node=\"6,1,0\" data-index-in-node=\"0\">Anal\u00edticas (Google Analytics):<\/b><span class=\"citation-19 citation-end-19\"> Nos permiten cuantificar el n\u00famero de usuarios y realizar la medici\u00f3n y an\u00e1lisis estad\u00edstico del uso que hacen los usuarios de nuestra web para mejorar nuestros servicios.<\/span><\/p>\n<\/li>\n<\/ul>\n<p data-path-to-node=\"7\"><b data-path-to-node=\"7\" data-index-in-node=\"0\">3. DETALLE DE COOKIES<\/b> | Nombre | Origen | Finalidad | Duraci\u00f3n | | :&#8212; | :&#8212; | :&#8212; | :&#8212; | <span class=\"citation-18\">| <\/span><b data-path-to-node=\"7\" data-index-in-node=\"97\"><span class=\"citation-18\">PHPSESSID<\/span><\/b><span class=\"citation-18 citation-end-18\"> | Propia | T\u00e9cnica: Gestionar la sesi\u00f3n del usuario.<\/span> | Sesi\u00f3n | | <b data-path-to-node=\"7\" data-index-in-node=\"173\">_ga, _gid<\/b> | Google | Anal\u00edtica: Recopila datos an\u00f3nimos sobre visitas. <span class=\"citation-17 citation-end-17\">| Hasta 2 a\u00f1os |<\/span> | <b data-path-to-node=\"7\" data-index-in-node=\"263\">_grecapcha<\/b> | Google | Seguridad: Protecci\u00f3n contra spam en formularios. | 6 meses |<\/p>\n<p data-path-to-node=\"8\"><b data-path-to-node=\"8\" data-index-in-node=\"0\">4. CONFIGURACI\u00d3N Y DESACTIVACI\u00d3N<\/b> <span class=\"citation-16 citation-end-16\">Usted puede permitir, bloquear o eliminar las cookies instaladas en su equipo mediante la configuraci\u00f3n de las opciones del navegador que utilice:<\/span><\/p>\n<ul data-path-to-node=\"9\">\n<li>\n<p data-path-to-node=\"9,0,0\"><a class=\"ng-star-inserted\" href=\"https:\/\/support.google.com\/chrome\/answer\/95647?hl=es\" target=\"_blank\" rel=\"noopener\" data-hveid=\"0\" data-ved=\"0CAAQ_4QMahgKEwiF_8D91quSAxUAAAAAHQAAAAAQygE\"><span class=\"citation-15\">Google Chrome<\/span><\/a><\/p>\n<\/li>\n<li>\n<p data-path-to-node=\"9,1,0\"><a class=\"ng-star-inserted\" href=\"https:\/\/support.mozilla.org\/es\/kb\/habilitar-y-deshabilitar-cookies-sitios-web-rastrear-preferencias\" target=\"_blank\" rel=\"noopener\" data-hveid=\"0\" data-ved=\"0CAAQ_4QMahgKEwiF_8D91quSAxUAAAAAHQAAAAAQzAE\"><span class=\"citation-14\">Mozilla Firefox<\/span><\/a><\/p>\n<\/li>\n<li>\n<p data-path-to-node=\"9,2,0\"><a class=\"ng-star-inserted\" href=\"https:\/\/www.google.com\/search?q=https:\/\/support.apple.com\/es-es\/guide\/safari\/sfri11471\/mac\" target=\"_blank\" rel=\"noopener\" data-hveid=\"0\" data-ved=\"0CAAQ_4QMahgKEwiF_8D91quSAxUAAAAAHQAAAAAQzgE\">Safari<\/a><\/p>\n<\/li>\n<li>\n<p data-path-to-node=\"9,3,0\"><a class=\"ng-star-inserted\" href=\"https:\/\/support.microsoft.com\/es-es\/windows\/microsoft-edge-datos-de-exploraci%C3%B3n-y-privacidad-bb8174ba-9d73-dcf2-9b4a-c582b4e640dd\" target=\"_blank\" rel=\"noopener\" data-hveid=\"0\" data-ved=\"0CAAQ_4QMahgKEwiF_8D91quSAxUAAAAAHQAAAAAQzwE\"><span class=\"citation-13\">Microsoft Edge<\/span><\/a><\/p>\n<\/li>\n<\/ul>\n<p data-path-to-node=\"10\"><span class=\"citation-12 citation-end-12 interactive-span-hovered\">Para revocar el consentimiento prestado, puede utilizar el bot\u00f3n de configuraci\u00f3n de cookies presente en nuestra web.<\/span><\/p>\n","protected":false},"excerpt":{"rendered":"<p>1. \u00bfQU\u00c9 SON LAS COOKIES? Las cookies son peque\u00f1os archivos de texto que se almacenan en su dispositivo al visitar nuestra web. Sirven para que la web funcione correctamente, recordar sus preferencias y mejorar su experiencia de usuario. 2. TIPOS DE COOKIES QUE UTILIZAMOS T\u00e9cnicas y funcionales: Imprescindibles para la navegaci\u00f3n y el funcionamiento de &#8230; <a title=\"Pol\u00edtica de cookies\" class=\"read-more\" href=\"https:\/\/lacasadelastitas.com\/casilladelpastor\/politica-de-cookies\/\" aria-label=\"Leer m\u00e1s sobre Pol\u00edtica de cookies\">Leer m\u00e1s<\/a><\/p>\n","protected":false},"author":1,"featured_media":0,"parent":0,"menu_order":0,"comment_status":"closed","ping_status":"closed","template":"","meta":{"footnotes":""},"class_list":["post-31","page","type-page","status-publish"],"yoast_head":"<!-- This site is optimized with the Yoast SEO plugin v27.3 - https:\/\/yoast.com\/product\/yoast-seo-wordpress\/ -->\n<title>Pol\u00edtica de cookies - La Casilla del Pastor<\/title>\n<meta name=\"description\" content=\"La Casilla del Pastor. Casa rural en el pago de Cabrillas, V\u00e9lez-M\u00e1laga, donde encontrar\u00e1 su alojamiento id\u00f3neo, rodeado de naturaleza y unas vistas inmejorables\" \/>\n<meta name=\"robots\" content=\"index, follow, max-snippet:-1, max-image-preview:large, max-video-preview:-1\" \/>\n<link rel=\"canonical\" href=\"https:\/\/lacasadelastitas.com\/casilladelpastor\/politica-de-cookies\/\" \/>\n<meta property=\"og:locale\" content=\"es_ES\" \/>\n<meta property=\"og:type\" content=\"article\" \/>\n<meta property=\"og:title\" content=\"Pol\u00edtica de cookies - La Casilla del Pastor\" \/>\n<meta property=\"og:description\" content=\"La Casilla del Pastor. Casa rural en el pago de Cabrillas, V\u00e9lez-M\u00e1laga, donde encontrar\u00e1 su alojamiento id\u00f3neo, rodeado de naturaleza y unas vistas inmejorables\" \/>\n<meta property=\"og:url\" content=\"https:\/\/lacasadelastitas.com\/casilladelpastor\/politica-de-cookies\/\" \/>\n<meta property=\"og:site_name\" content=\"La Casilla del Pastor\" \/>\n<meta property=\"article:modified_time\" content=\"2026-01-27T12:41:25+00:00\" \/>\n<meta name=\"twitter:card\" content=\"summary_large_image\" \/>\n<meta name=\"twitter:label1\" content=\"Tiempo de lectura\" \/>\n\t<meta name=\"twitter:data1\" content=\"1 minuto\" \/>\n<script type=\"application\/ld+json\" class=\"yoast-schema-graph\">{\"@context\":\"https:\\\/\\\/schema.org\",\"@graph\":[{\"@type\":\"WebPage\",\"@id\":\"https:\\\/\\\/lacasadelastitas.com\\\/casilladelpastor\\\/politica-de-cookies\\\/\",\"url\":\"https:\\\/\\\/lacasadelastitas.com\\\/casilladelpastor\\\/politica-de-cookies\\\/\",\"name\":\"Pol\u00edtica de cookies - La Casilla del Pastor\",\"isPartOf\":{\"@id\":\"https:\\\/\\\/lacasadelastitas.com\\\/casilladelpastor\\\/#website\"},\"datePublished\":\"2018-10-25T11:23:10+00:00\",\"dateModified\":\"2026-01-27T12:41:25+00:00\",\"description\":\"La Casilla del Pastor. Casa rural en el pago de Cabrillas, V\u00e9lez-M\u00e1laga, donde encontrar\u00e1 su alojamiento id\u00f3neo, rodeado de naturaleza y unas vistas inmejorables\",\"breadcrumb\":{\"@id\":\"https:\\\/\\\/lacasadelastitas.com\\\/casilladelpastor\\\/politica-de-cookies\\\/#breadcrumb\"},\"inLanguage\":\"es\",\"potentialAction\":[{\"@type\":\"ReadAction\",\"target\":[\"https:\\\/\\\/lacasadelastitas.com\\\/casilladelpastor\\\/politica-de-cookies\\\/\"]}]},{\"@type\":\"BreadcrumbList\",\"@id\":\"https:\\\/\\\/lacasadelastitas.com\\\/casilladelpastor\\\/politica-de-cookies\\\/#breadcrumb\",\"itemListElement\":[{\"@type\":\"ListItem\",\"position\":1,\"name\":\"Portada\",\"item\":\"https:\\\/\\\/lacasadelastitas.com\\\/casilladelpastor\\\/\"},{\"@type\":\"ListItem\",\"position\":2,\"name\":\"Pol\u00edtica de cookies\"}]},{\"@type\":\"WebSite\",\"@id\":\"https:\\\/\\\/lacasadelastitas.com\\\/casilladelpastor\\\/#website\",\"url\":\"https:\\\/\\\/lacasadelastitas.com\\\/casilladelpastor\\\/\",\"name\":\"La Casilla del Pastor\",\"description\":\"La Casilla del Pastor\",\"publisher\":{\"@id\":\"https:\\\/\\\/lacasadelastitas.com\\\/casilladelpastor\\\/#organization\"},\"potentialAction\":[{\"@type\":\"SearchAction\",\"target\":{\"@type\":\"EntryPoint\",\"urlTemplate\":\"https:\\\/\\\/lacasadelastitas.com\\\/casilladelpastor\\\/?s={search_term_string}\"},\"query-input\":{\"@type\":\"PropertyValueSpecification\",\"valueRequired\":true,\"valueName\":\"search_term_string\"}}],\"inLanguage\":\"es\"},{\"@type\":\"Organization\",\"@id\":\"https:\\\/\\\/lacasadelastitas.com\\\/casilladelpastor\\\/#organization\",\"name\":\"La Casilla del Pastor\",\"url\":\"https:\\\/\\\/lacasadelastitas.com\\\/casilladelpastor\\\/\",\"logo\":{\"@type\":\"ImageObject\",\"inLanguage\":\"es\",\"@id\":\"https:\\\/\\\/lacasadelastitas.com\\\/casilladelpastor\\\/#\\\/schema\\\/logo\\\/image\\\/\",\"url\":\"https:\\\/\\\/lacasadelastitas.com\\\/casilladelpastor\\\/wp-content\\\/uploads\\\/2018\\\/10\\\/logo-casilla-del-pastor-e1540465693337.jpg\",\"contentUrl\":\"https:\\\/\\\/lacasadelastitas.com\\\/casilladelpastor\\\/wp-content\\\/uploads\\\/2018\\\/10\\\/logo-casilla-del-pastor-e1540465693337.jpg\",\"width\":130,\"height\":131,\"caption\":\"La Casilla del Pastor\"},\"image\":{\"@id\":\"https:\\\/\\\/lacasadelastitas.com\\\/casilladelpastor\\\/#\\\/schema\\\/logo\\\/image\\\/\"}}]}<\/script>\n<!-- \/ Yoast SEO plugin. -->","yoast_head_json":{"title":"Pol\u00edtica de cookies - La Casilla del Pastor","description":"La Casilla del Pastor. Casa rural en el pago de Cabrillas, V\u00e9lez-M\u00e1laga, donde encontrar\u00e1 su alojamiento id\u00f3neo, rodeado de naturaleza y unas vistas inmejorables","robots":{"index":"index","follow":"follow","max-snippet":"max-snippet:-1","max-image-preview":"max-image-preview:large","max-video-preview":"max-video-preview:-1"},"canonical":"https:\/\/lacasadelastitas.com\/casilladelpastor\/politica-de-cookies\/","og_locale":"es_ES","og_type":"article","og_title":"Pol\u00edtica de cookies - La Casilla del Pastor","og_description":"La Casilla del Pastor. Casa rural en el pago de Cabrillas, V\u00e9lez-M\u00e1laga, donde encontrar\u00e1 su alojamiento id\u00f3neo, rodeado de naturaleza y unas vistas inmejorables","og_url":"https:\/\/lacasadelastitas.com\/casilladelpastor\/politica-de-cookies\/","og_site_name":"La Casilla del Pastor","article_modified_time":"2026-01-27T12:41:25+00:00","twitter_card":"summary_large_image","twitter_misc":{"Tiempo de lectura":"1 minuto"},"schema":{"@context":"https:\/\/schema.org","@graph":[{"@type":"WebPage","@id":"https:\/\/lacasadelastitas.com\/casilladelpastor\/politica-de-cookies\/","url":"https:\/\/lacasadelastitas.com\/casilladelpastor\/politica-de-cookies\/","name":"Pol\u00edtica de cookies - La Casilla del Pastor","isPartOf":{"@id":"https:\/\/lacasadelastitas.com\/casilladelpastor\/#website"},"datePublished":"2018-10-25T11:23:10+00:00","dateModified":"2026-01-27T12:41:25+00:00","description":"La Casilla del Pastor. Casa rural en el pago de Cabrillas, V\u00e9lez-M\u00e1laga, donde encontrar\u00e1 su alojamiento id\u00f3neo, rodeado de naturaleza y unas vistas inmejorables","breadcrumb":{"@id":"https:\/\/lacasadelastitas.com\/casilladelpastor\/politica-de-cookies\/#breadcrumb"},"inLanguage":"es","potentialAction":[{"@type":"ReadAction","target":["https:\/\/lacasadelastitas.com\/casilladelpastor\/politica-de-cookies\/"]}]},{"@type":"BreadcrumbList","@id":"https:\/\/lacasadelastitas.com\/casilladelpastor\/politica-de-cookies\/#breadcrumb","itemListElement":[{"@type":"ListItem","position":1,"name":"Portada","item":"https:\/\/lacasadelastitas.com\/casilladelpastor\/"},{"@type":"ListItem","position":2,"name":"Pol\u00edtica de cookies"}]},{"@type":"WebSite","@id":"https:\/\/lacasadelastitas.com\/casilladelpastor\/#website","url":"https:\/\/lacasadelastitas.com\/casilladelpastor\/","name":"La Casilla del Pastor","description":"La Casilla del Pastor","publisher":{"@id":"https:\/\/lacasadelastitas.com\/casilladelpastor\/#organization"},"potentialAction":[{"@type":"SearchAction","target":{"@type":"EntryPoint","urlTemplate":"https:\/\/lacasadelastitas.com\/casilladelpastor\/?s={search_term_string}"},"query-input":{"@type":"PropertyValueSpecification","valueRequired":true,"valueName":"search_term_string"}}],"inLanguage":"es"},{"@type":"Organization","@id":"https:\/\/lacasadelastitas.com\/casilladelpastor\/#organization","name":"La Casilla del Pastor","url":"https:\/\/lacasadelastitas.com\/casilladelpastor\/","logo":{"@type":"ImageObject","inLanguage":"es","@id":"https:\/\/lacasadelastitas.com\/casilladelpastor\/#\/schema\/logo\/image\/","url":"https:\/\/lacasadelastitas.com\/casilladelpastor\/wp-content\/uploads\/2018\/10\/logo-casilla-del-pastor-e1540465693337.jpg","contentUrl":"https:\/\/lacasadelastitas.com\/casilladelpastor\/wp-content\/uploads\/2018\/10\/logo-casilla-del-pastor-e1540465693337.jpg","width":130,"height":131,"caption":"La Casilla del Pastor"},"image":{"@id":"https:\/\/lacasadelastitas.com\/casilladelpastor\/#\/schema\/logo\/image\/"}}]}},"_links":{"self":[{"href":"https:\/\/lacasadelastitas.com\/casilladelpastor\/wp-json\/wp\/v2\/pages\/31","targetHints":{"allow":["GET"]}}],"collection":[{"href":"https:\/\/lacasadelastitas.com\/casilladelpastor\/wp-json\/wp\/v2\/pages"}],"about":[{"href":"https:\/\/lacasadelastitas.com\/casilladelpastor\/wp-json\/wp\/v2\/types\/page"}],"author":[{"embeddable":true,"href":"https:\/\/lacasadelastitas.com\/casilladelpastor\/wp-json\/wp\/v2\/users\/1"}],"replies":[{"embeddable":true,"href":"https:\/\/lacasadelastitas.com\/casilladelpastor\/wp-json\/wp\/v2\/comments?post=31"}],"version-history":[{"count":2,"href":"https:\/\/lacasadelastitas.com\/casilladelpastor\/wp-json\/wp\/v2\/pages\/31\/revisions"}],"predecessor-version":[{"id":221,"href":"https:\/\/lacasadelastitas.com\/casilladelpastor\/wp-json\/wp\/v2\/pages\/31\/revisions\/221"}],"wp:attachment":[{"href":"https:\/\/lacasadelastitas.com\/casilladelpastor\/wp-json\/wp\/v2\/media?parent=31"}],"curies":[{"name":"wp","href":"https:\/\/api.w.org\/{rel}","templated":true}]}}